{"id":14,"date":"2024-04-28T19:02:20","date_gmt":"2024-04-28T17:02:20","guid":{"rendered":"https:\/\/vcsaintlouis.fr\/?page_id=14"},"modified":"2025-09-22T20:05:23","modified_gmt":"2025-09-22T18:05:23","slug":"contact","status":"publish","type":"page","link":"https:\/\/vcsaintlouis.fr\/index.php\/contact\/","title":{"rendered":"Contact"},"content":{"rendered":"\n<p>Pour rejoindre notre club, ou pour tout autre demande, vous pouvez nous contacter aux coordonn\u00e9es suivantes:<\/p>\n\n\n\n<div class=\"wp-block-group is-nowrap is-layout-flex wp-container-core-group-is-layout-6c531013 wp-block-group-is-layout-flex\">\n<p><strong>Email<\/strong>: vcsaintlouis@gmail.com<\/p>\n<\/div>\n\n\n\n<p><strong>T\u00e9l\u00e9phone<\/strong>: 07 811 97 290<\/p>\n\n\n\n<p><strong>Adresse<\/strong>: <br>Maison des Associations, avenue de B\u00e2le\u00a0<br>68300 Saint Louis<\/p>\n\n\n\n<p><br>&nbsp;&nbsp;<\/p>\n","protected":false},"excerpt":{"rendered":"<p>Pour rejoindre notre club, ou pour tout autre demande, vous pouvez nous contacter aux coordonn\u00e9es suivantes: Email: vcsaintlouis@gmail.com T\u00e9l\u00e9phone: 07 811 97 290 Adresse: Maison des Associations, avenue de B\u00e2le\u00a068300 Saint Louis &nbsp;&nbsp;<\/p>\n","protected":false},"author":1,"featured_media":0,"parent":0,"menu_order":0,"comment_status":"closed","ping_status":"closed","template":"","meta":{"footnotes":""},"class_list":["post-14","page","type-page","status-publish","hentry"],"_links":{"self":[{"href":"https:\/\/vcsaintlouis.fr\/index.php\/wp-json\/wp\/v2\/pages\/14","targetHints":{"allow":["GET"]}}],"collection":[{"href":"https:\/\/vcsaintlouis.fr\/index.php\/wp-json\/wp\/v2\/pages"}],"about":[{"href":"https:\/\/vcsaintlouis.fr\/index.php\/wp-json\/wp\/v2\/types\/page"}],"author":[{"embeddable":true,"href":"https:\/\/vcsaintlouis.fr\/index.php\/wp-json\/wp\/v2\/users\/1"}],"replies":[{"embeddable":true,"href":"https:\/\/vcsaintlouis.fr\/index.php\/wp-json\/wp\/v2\/comments?post=14"}],"version-history":[{"count":5,"href":"https:\/\/vcsaintlouis.fr\/index.php\/wp-json\/wp\/v2\/pages\/14\/revisions"}],"predecessor-version":[{"id":430,"href":"https:\/\/vcsaintlouis.fr\/index.php\/wp-json\/wp\/v2\/pages\/14\/revisions\/430"}],"wp:attachment":[{"href":"https:\/\/vcsaintlouis.fr\/index.php\/wp-json\/wp\/v2\/media?parent=14"}],"curies":[{"name":"wp","href":"https:\/\/api.w.org\/{rel}","templated":true}]}}