{"id":2,"date":"2024-04-05T22:10:23","date_gmt":"2024-04-05T20:10:23","guid":{"rendered":"http:\/\/vcsaintlouis.fr\/?page_id=2"},"modified":"2025-08-24T20:01:13","modified_gmt":"2025-08-24T18:01:13","slug":"a-propos","status":"publish","type":"page","link":"https:\/\/vcsaintlouis.fr\/index.php\/a-propos\/","title":{"rendered":"A propos du club"},"content":{"rendered":"\n<p><em>Photo: remise des maillots du club chez l&rsquo;un de nos sponsors (Cryostar)<\/em><\/p>\n\n\n\n<figure class=\"wp-block-embed is-type-video is-provider-youtube wp-block-embed-youtube wp-embed-aspect-16-9 wp-has-aspect-ratio\"><div class=\"wp-block-embed__wrapper\">\n<iframe loading=\"lazy\" title=\"Pr\u00e9sentation VCSLR3F\" width=\"500\" height=\"281\" src=\"https:\/\/www.youtube.com\/embed\/sqVapicpH-k?feature=oembed\" frameborder=\"0\" allow=\"accelerometer; autoplay; clipboard-write; encrypted-media; gyroscope; picture-in-picture; web-share\" referrerpolicy=\"strict-origin-when-cross-origin\" allowfullscreen><\/iframe>\n<\/div><\/figure>\n\n\n\n<div class=\"wp-block-columns is-layout-flex wp-container-core-columns-is-layout-28f84493 wp-block-columns-is-layout-flex\">\n<div class=\"wp-block-column is-layout-flow wp-block-column-is-layout-flow\" style=\"flex-basis:100%\">\n<p>Le V\u00e9lo Club Saint-Louis R\u00e9gion des 3 Fronti\u00e8res (VCSL-R3F), cr\u00e9e en 1970, est le club de cyclisme \u00ab&nbsp;route&nbsp;\u00bb le plus important de la r\u00e9gion des 3 Fronti\u00e8res.<\/p>\n\n\n\n<p>Le club est ouvert \u00e0 tous les cyclistes, le profil type \u00e9tant une personne aimant le v\u00e9lo de route, allant du cyclosportif au comp\u00e9titeur<\/p>\n\n\n\n<p>Pour nous rejoindre, retrouvez-nous sur notre page de<strong> <a href=\"https:\/\/vcsaintlouis.fr\/index.php\/contact\/\">contact<\/a><\/strong>.<\/p>\n\n\n\n<p><\/p>\n\n\n\n<p><strong>Les points forts du club<\/strong><\/p>\n\n\n\n<ul class=\"wp-block-list\">\n<li><strong>50 membres<\/strong>, hommes et femmes qui parcourent les routes de la r\u00e9gion et d&rsquo;ailleurs<\/li>\n\n\n\n<li><strong>Langue principale<\/strong> : Foreigners welcome! We mainly speak french but some of our members are english, german, portuguese&#8230;<\/li>\n\n\n\n<li>Au moins <strong>une sortie par semaine le Samedi<\/strong> de 90 \u00e0 120 km. G\u00e9n\u00e9ralement 1 ou 2 groupes suivant les niveaux, vitesse moyenne autour de 27-30 km\/h.<\/li>\n\n\n\n<li>Plusieurs autres sorties hebdomadaires organis\u00e9es r\u00e9guli\u00e8rement de 50 \u00e0 100 km.<\/li>\n\n\n\n<li><strong>Acc\u00e8s \u00e0 une licence cycliste<\/strong> FSGT ou FFC et leur assurance lorsque vous roulez avec le club<\/li>\n\n\n\n<li>Tarif pr\u00e9f\u00e9rentiel pour commander des <strong>\u00e9quipements aux couleurs du club <\/strong>via notre partenaire Diffusport<\/li>\n<\/ul>\n\n\n\n<p><\/p>\n\n\n\n<figure class=\"wp-block-gallery has-nested-images columns-default is-cropped wp-block-gallery-1 is-layout-flex wp-block-gallery-is-layout-flex\">\n<figure class=\"wp-block-image size-large\"><img loading=\"lazy\" decoding=\"async\" width=\"1024\" height=\"577\" data-id=\"370\" src=\"https:\/\/vcsaintlouis.fr\/wp-content\/uploads\/2025\/08\/WhatsApp-Image-2025-04-10-at-14.28.07_45a34465-1024x577.jpg\" alt=\"\" class=\"wp-image-370\" srcset=\"https:\/\/vcsaintlouis.fr\/wp-content\/uploads\/2025\/08\/WhatsApp-Image-2025-04-10-at-14.28.07_45a34465-1024x577.jpg 1024w, https:\/\/vcsaintlouis.fr\/wp-content\/uploads\/2025\/08\/WhatsApp-Image-2025-04-10-at-14.28.07_45a34465-300x169.jpg 300w, https:\/\/vcsaintlouis.fr\/wp-content\/uploads\/2025\/08\/WhatsApp-Image-2025-04-10-at-14.28.07_45a34465-768x432.jpg 768w, https:\/\/vcsaintlouis.fr\/wp-content\/uploads\/2025\/08\/WhatsApp-Image-2025-04-10-at-14.28.07_45a34465-1536x865.jpg 1536w, https:\/\/vcsaintlouis.fr\/wp-content\/uploads\/2025\/08\/WhatsApp-Image-2025-04-10-at-14.28.07_45a34465.jpg 2000w\" sizes=\"auto, (max-width: 1024px) 100vw, 1024px\" \/><\/figure>\n\n\n\n<figure class=\"wp-block-image size-large\"><img loading=\"lazy\" decoding=\"async\" width=\"768\" height=\"1024\" data-id=\"376\" src=\"https:\/\/vcsaintlouis.fr\/wp-content\/uploads\/2025\/08\/WhatsApp-Image-2025-07-14-at-23.36.25_af4737ce-768x1024.jpg\" alt=\"\" class=\"wp-image-376\" srcset=\"https:\/\/vcsaintlouis.fr\/wp-content\/uploads\/2025\/08\/WhatsApp-Image-2025-07-14-at-23.36.25_af4737ce-768x1024.jpg 768w, https:\/\/vcsaintlouis.fr\/wp-content\/uploads\/2025\/08\/WhatsApp-Image-2025-07-14-at-23.36.25_af4737ce-225x300.jpg 225w, https:\/\/vcsaintlouis.fr\/wp-content\/uploads\/2025\/08\/WhatsApp-Image-2025-07-14-at-23.36.25_af4737ce-1152x1536.jpg 1152w, https:\/\/vcsaintlouis.fr\/wp-content\/uploads\/2025\/08\/WhatsApp-Image-2025-07-14-at-23.36.25_af4737ce.jpg 1536w\" sizes=\"auto, (max-width: 768px) 100vw, 768px\" \/><\/figure>\n\n\n\n<figure class=\"wp-block-image size-large\"><img loading=\"lazy\" decoding=\"async\" width=\"1024\" height=\"682\" data-id=\"369\" src=\"https:\/\/vcsaintlouis.fr\/wp-content\/uploads\/2025\/08\/WhatsApp-Image-2025-05-11-at-21.51.03_8fd2e184-1024x682.jpg\" alt=\"\" class=\"wp-image-369\" srcset=\"https:\/\/vcsaintlouis.fr\/wp-content\/uploads\/2025\/08\/WhatsApp-Image-2025-05-11-at-21.51.03_8fd2e184-1024x682.jpg 1024w, https:\/\/vcsaintlouis.fr\/wp-content\/uploads\/2025\/08\/WhatsApp-Image-2025-05-11-at-21.51.03_8fd2e184-300x200.jpg 300w, https:\/\/vcsaintlouis.fr\/wp-content\/uploads\/2025\/08\/WhatsApp-Image-2025-05-11-at-21.51.03_8fd2e184-768x512.jpg 768w, https:\/\/vcsaintlouis.fr\/wp-content\/uploads\/2025\/08\/WhatsApp-Image-2025-05-11-at-21.51.03_8fd2e184-1536x1023.jpg 1536w, https:\/\/vcsaintlouis.fr\/wp-content\/uploads\/2025\/08\/WhatsApp-Image-2025-05-11-at-21.51.03_8fd2e184.jpg 1600w\" sizes=\"auto, (max-width: 1024px) 100vw, 1024px\" \/><\/figure>\n\n\n\n<figure class=\"wp-block-image size-full\"><img loading=\"lazy\" decoding=\"async\" width=\"2560\" height=\"1707\" data-id=\"285\" src=\"http:\/\/vcsaintlouis.fr\/wp-content\/uploads\/2024\/09\/DSC02483-1-scaled.jpg\" alt=\"\" class=\"wp-image-285\" srcset=\"https:\/\/vcsaintlouis.fr\/wp-content\/uploads\/2024\/09\/DSC02483-1-scaled.jpg 2560w, https:\/\/vcsaintlouis.fr\/wp-content\/uploads\/2024\/09\/DSC02483-1-300x200.jpg 300w, https:\/\/vcsaintlouis.fr\/wp-content\/uploads\/2024\/09\/DSC02483-1-1024x683.jpg 1024w, https:\/\/vcsaintlouis.fr\/wp-content\/uploads\/2024\/09\/DSC02483-1-768x512.jpg 768w, https:\/\/vcsaintlouis.fr\/wp-content\/uploads\/2024\/09\/DSC02483-1-1536x1024.jpg 1536w, https:\/\/vcsaintlouis.fr\/wp-content\/uploads\/2024\/09\/DSC02483-1-2048x1365.jpg 2048w\" sizes=\"auto, (max-width: 2560px) 100vw, 2560px\" \/><\/figure>\n\n\n\n<figure class=\"wp-block-image size-large\"><img loading=\"lazy\" decoding=\"async\" width=\"1024\" height=\"768\" data-id=\"377\" src=\"https:\/\/vcsaintlouis.fr\/wp-content\/uploads\/2025\/08\/WhatsApp-Image-2025-07-14-at-23.36.26_ab17d931-1024x768.jpg\" alt=\"\" class=\"wp-image-377\" srcset=\"https:\/\/vcsaintlouis.fr\/wp-content\/uploads\/2025\/08\/WhatsApp-Image-2025-07-14-at-23.36.26_ab17d931-1024x768.jpg 1024w, https:\/\/vcsaintlouis.fr\/wp-content\/uploads\/2025\/08\/WhatsApp-Image-2025-07-14-at-23.36.26_ab17d931-300x225.jpg 300w, https:\/\/vcsaintlouis.fr\/wp-content\/uploads\/2025\/08\/WhatsApp-Image-2025-07-14-at-23.36.26_ab17d931-768x576.jpg 768w, https:\/\/vcsaintlouis.fr\/wp-content\/uploads\/2025\/08\/WhatsApp-Image-2025-07-14-at-23.36.26_ab17d931-1536x1152.jpg 1536w, https:\/\/vcsaintlouis.fr\/wp-content\/uploads\/2025\/08\/WhatsApp-Image-2025-07-14-at-23.36.26_ab17d931.jpg 2048w\" sizes=\"auto, (max-width: 1024px) 100vw, 1024px\" \/><\/figure>\n\n\n\n<figure class=\"wp-block-image size-large\" style=\"margin-top:0;margin-right:var(--wp--preset--spacing--10);margin-bottom:0;margin-left:var(--wp--preset--spacing--10)\"><img loading=\"lazy\" decoding=\"async\" width=\"1024\" height=\"768\" data-id=\"375\" src=\"https:\/\/vcsaintlouis.fr\/wp-content\/uploads\/2025\/08\/WhatsApp-Image-2025-07-14-at-23.36.24_f6748f95-1024x768.jpg\" alt=\"\" class=\"wp-image-375\" srcset=\"https:\/\/vcsaintlouis.fr\/wp-content\/uploads\/2025\/08\/WhatsApp-Image-2025-07-14-at-23.36.24_f6748f95-1024x768.jpg 1024w, https:\/\/vcsaintlouis.fr\/wp-content\/uploads\/2025\/08\/WhatsApp-Image-2025-07-14-at-23.36.24_f6748f95-300x225.jpg 300w, https:\/\/vcsaintlouis.fr\/wp-content\/uploads\/2025\/08\/WhatsApp-Image-2025-07-14-at-23.36.24_f6748f95-768x576.jpg 768w, https:\/\/vcsaintlouis.fr\/wp-content\/uploads\/2025\/08\/WhatsApp-Image-2025-07-14-at-23.36.24_f6748f95-1536x1152.jpg 1536w, https:\/\/vcsaintlouis.fr\/wp-content\/uploads\/2025\/08\/WhatsApp-Image-2025-07-14-at-23.36.24_f6748f95.jpg 2048w\" sizes=\"auto, (max-width: 1024px) 100vw, 1024px\" \/><\/figure>\n<\/figure>\n\n\n\n<p><strong>Nos engagements associatifs:<\/strong><\/p>\n<\/div>\n<\/div>\n\n\n\n<p>En plus des sorties hebdomafaires, le Club organise chaque ann\u00e9e 3 manifestations d\u2019envergures&nbsp;:<\/p>\n\n\n\n<ul class=\"wp-block-list\">\n<li><strong>Le <a href=\"https:\/\/www.saint-louis.fr\/Agenda\/4225\/19894\">Crit\u00e9rium <\/a>de la Ville de Saint Louis \u2013 Troph\u00e9e Prim\u00e9o Energie<\/strong> (<a href=\"https:\/\/www.flickr.com\/photos\/williamdiasphoto\/albums\/72177720317618165\">Photos de l&rsquo;\u00e9dition 2024<\/a>)<\/li>\n\n\n\n<li><strong>Le Cyclo-Cross&nbsp;de Kappelen<\/strong><\/li>\n\n\n\n<li><strong>Le <a href=\"https:\/\/www.slowup.ch\/basel-dreiland\/fr.html\" target=\"_blank\" rel=\"noreferrer noopener\">Slowup<\/a>, sous l&rsquo;\u00e9gide de la ville de Saint-Louis (50.000 participants<\/strong>)<\/li>\n<\/ul>\n\n\n\n<p>Les deux premiers \u00e9v\u00e9nements ont d\u00e9j\u00e0 servis de support aux Championnats D\u00e9partementaux et R\u00e9gionaux.<\/p>\n\n\n\n<div class=\"wp-block-columns is-layout-flex wp-container-core-columns-is-layout-28f84493 wp-block-columns-is-layout-flex\">\n<div class=\"wp-block-column is-layout-flow wp-block-column-is-layout-flow\" style=\"flex-basis:100%\">\n<div class=\"wp-block-columns is-layout-flex wp-container-core-columns-is-layout-28f84493 wp-block-columns-is-layout-flex\">\n<div class=\"wp-block-column is-layout-flow wp-block-column-is-layout-flow\">\n<p><strong>Nos sponsors:<\/strong><\/p>\n\n\n\n<p>Ils soutiennent le club et nous permettent notamment d&rsquo;investir dans les 3 grands \u00e9venements que nous organisons chaque ann\u00e9e:<\/p>\n\n\n\n<ul class=\"wp-block-list\">\n<li><strong>Cryostar<\/strong>, H\u00e9singue<\/li>\n\n\n\n<li><strong>V\u00e9lotop<\/strong>, Kembs<\/li>\n\n\n\n<li><strong>AGE : G\u00e9om\u00e8tres Experts<\/strong>, Saint-Louis<\/li>\n\n\n\n<li><strong>Le Relais des Bains<\/strong>, Hagenthal-le-Haut<\/li>\n<\/ul>\n<\/div>\n<\/div>\n\n\n\n<div class=\"wp-block-group is-vertical is-content-justification-left is-layout-flex wp-container-core-group-is-layout-dd225191 wp-block-group-is-layout-flex\">\n<figure class=\"wp-block-gallery has-nested-images columns-default is-cropped wp-block-gallery-2 is-layout-flex wp-block-gallery-is-layout-flex\">\n<figure class=\"wp-block-image size-large\"><a href=\"https:\/\/cryostar.com\/fr\/\"><img loading=\"lazy\" decoding=\"async\" width=\"480\" height=\"480\" data-id=\"30\" src=\"https:\/\/vcsaintlouis.fr\/wp-content\/uploads\/2024\/04\/logo-cryostar-480x480-5.jpg\" alt=\"\" class=\"wp-image-30\" srcset=\"https:\/\/vcsaintlouis.fr\/wp-content\/uploads\/2024\/04\/logo-cryostar-480x480-5.jpg 480w, https:\/\/vcsaintlouis.fr\/wp-content\/uploads\/2024\/04\/logo-cryostar-480x480-5-300x300.jpg 300w, https:\/\/vcsaintlouis.fr\/wp-content\/uploads\/2024\/04\/logo-cryostar-480x480-5-150x150.jpg 150w\" sizes=\"auto, (max-width: 480px) 100vw, 480px\" \/><\/a><\/figure>\n\n\n\n<figure class=\"wp-block-image size-large\"><a href=\"https:\/\/age-geometre.fr\/\"><img loading=\"lazy\" decoding=\"async\" width=\"200\" height=\"200\" data-id=\"31\" src=\"https:\/\/vcsaintlouis.fr\/wp-content\/uploads\/2024\/04\/5e3802afbd000008ab649a9a.jpg\" alt=\"\" class=\"wp-image-31\" srcset=\"https:\/\/vcsaintlouis.fr\/wp-content\/uploads\/2024\/04\/5e3802afbd000008ab649a9a.jpg 200w, https:\/\/vcsaintlouis.fr\/wp-content\/uploads\/2024\/04\/5e3802afbd000008ab649a9a-150x150.jpg 150w\" sizes=\"auto, (max-width: 200px) 100vw, 200px\" \/><\/a><\/figure>\n\n\n\n<figure class=\"wp-block-image size-large\"><a href=\"https:\/\/www.velotop-kembs.fr\/\"><img loading=\"lazy\" decoding=\"async\" width=\"603\" height=\"603\" data-id=\"32\" src=\"https:\/\/vcsaintlouis.fr\/wp-content\/uploads\/2024\/04\/223819569_6161038580602946_719918948270057105_n-1.jpg\" alt=\"\" class=\"wp-image-32\" srcset=\"https:\/\/vcsaintlouis.fr\/wp-content\/uploads\/2024\/04\/223819569_6161038580602946_719918948270057105_n-1.jpg 603w, https:\/\/vcsaintlouis.fr\/wp-content\/uploads\/2024\/04\/223819569_6161038580602946_719918948270057105_n-1-300x300.jpg 300w, https:\/\/vcsaintlouis.fr\/wp-content\/uploads\/2024\/04\/223819569_6161038580602946_719918948270057105_n-1-150x150.jpg 150w\" sizes=\"auto, (max-width: 603px) 100vw, 603px\" \/><\/a><\/figure>\n<\/figure>\n\n\n\n<div class=\"wp-block-columns is-layout-flex wp-container-core-columns-is-layout-28f84493 wp-block-columns-is-layout-flex\">\n<div class=\"wp-block-column is-layout-flow wp-block-column-is-layout-flow\"><\/div>\n<\/div>\n<\/div>\n\n\n\n<div class=\"wp-block-columns is-layout-flex wp-container-core-columns-is-layout-28f84493 wp-block-columns-is-layout-flex\">\n<div class=\"wp-block-column is-vertically-aligned-center is-layout-flow wp-block-column-is-layout-flow\">\n<figure class=\"wp-block-gallery has-nested-images columns-default is-cropped wp-block-gallery-3 is-layout-flex wp-block-gallery-is-layout-flex\">\n<figure class=\"wp-block-image size-large\"><img loading=\"lazy\" decoding=\"async\" width=\"750\" height=\"458\" data-id=\"269\" src=\"https:\/\/vcsaintlouis.fr\/wp-content\/uploads\/2024\/07\/Logo-relais-des-bains-2-3.png\" alt=\"\" class=\"wp-image-269\" srcset=\"https:\/\/vcsaintlouis.fr\/wp-content\/uploads\/2024\/07\/Logo-relais-des-bains-2-3.png 750w, https:\/\/vcsaintlouis.fr\/wp-content\/uploads\/2024\/07\/Logo-relais-des-bains-2-3-300x183.png 300w\" sizes=\"auto, (max-width: 750px) 100vw, 750px\" \/><\/figure>\n<\/figure>\n<\/div>\n\n\n\n<div class=\"wp-block-column is-vertically-aligned-center is-layout-flow wp-block-column-is-layout-flow\">\n<figure class=\"wp-block-gallery has-nested-images columns-default is-cropped wp-block-gallery-4 is-layout-flex wp-block-gallery-is-layout-flex\"><\/figure>\n<\/div>\n\n\n\n<div class=\"wp-block-column is-vertically-aligned-center is-layout-flow wp-block-column-is-layout-flow\">\n<figure class=\"wp-block-gallery has-nested-images columns-default is-cropped wp-block-gallery-5 is-layout-flex wp-block-gallery-is-layout-flex\"><\/figure>\n<\/div>\n<\/div>\n\n\n\n<div class=\"wp-block-group has-global-padding is-layout-constrained wp-block-group-is-layout-constrained\">\n<figure class=\"wp-block-gallery has-nested-images columns-default is-cropped wp-block-gallery-6 is-layout-flex wp-block-gallery-is-layout-flex\"><\/figure>\n<\/div>\n<\/div>\n<\/div>\n","protected":false},"excerpt":{"rendered":"<p>Photo: remise des maillots du club chez l&rsquo;un de nos sponsors (Cryostar) Le V\u00e9lo Club Saint-Louis R\u00e9gion des 3 Fronti\u00e8res (VCSL-R3F), cr\u00e9e en 1970, est le club de cyclisme \u00ab&nbsp;route&nbsp;\u00bb le plus important de la r\u00e9gion des 3 Fronti\u00e8res. Le club est ouvert \u00e0 tous les cyclistes, le profil type \u00e9tant une personne aimant le [&hellip;]<\/p>\n","protected":false},"author":1,"featured_media":239,"parent":0,"menu_order":0,"comment_status":"closed","ping_status":"closed","template":"","meta":{"footnotes":""},"class_list":["post-2","page","type-page","status-publish","has-post-thumbnail","hentry"],"_links":{"self":[{"href":"https:\/\/vcsaintlouis.fr\/index.php\/wp-json\/wp\/v2\/pages\/2","targetHints":{"allow":["GET"]}}],"collection":[{"href":"https:\/\/vcsaintlouis.fr\/index.php\/wp-json\/wp\/v2\/pages"}],"about":[{"href":"https:\/\/vcsaintlouis.fr\/index.php\/wp-json\/wp\/v2\/types\/page"}],"author":[{"embeddable":true,"href":"https:\/\/vcsaintlouis.fr\/index.php\/wp-json\/wp\/v2\/users\/1"}],"replies":[{"embeddable":true,"href":"https:\/\/vcsaintlouis.fr\/index.php\/wp-json\/wp\/v2\/comments?post=2"}],"version-history":[{"count":20,"href":"https:\/\/vcsaintlouis.fr\/index.php\/wp-json\/wp\/v2\/pages\/2\/revisions"}],"predecessor-version":[{"id":381,"href":"https:\/\/vcsaintlouis.fr\/index.php\/wp-json\/wp\/v2\/pages\/2\/revisions\/381"}],"wp:featuredmedia":[{"embeddable":true,"href":"https:\/\/vcsaintlouis.fr\/index.php\/wp-json\/wp\/v2\/media\/239"}],"wp:attachment":[{"href":"https:\/\/vcsaintlouis.fr\/index.php\/wp-json\/wp\/v2\/media?parent=2"}],"curies":[{"name":"wp","href":"https:\/\/api.w.org\/{rel}","templated":true}]}}